{"id":25,"date":"2012-11-16T12:52:04","date_gmt":"2012-11-16T10:52:04","guid":{"rendered":"https:\/\/dev.chiptuninglogan.ro\/clone\/?page_id=25"},"modified":"2024-12-09T16:30:22","modified_gmt":"2024-12-09T14:30:22","slug":"contact","status":"publish","type":"page","link":"https:\/\/dev.chiptuninglogan.ro\/clone\/contact\/","title":{"rendered":"Contact"},"content":{"rendered":"\n<h3 class=\"wp-block-heading\">Contacteaz\u0103-ne pentru o experien\u021b\u0103 de conducere \u00eembun\u0103t\u0103\u021bit\u0103!<\/h3>\n\n\n\n<p>Dac\u0103 \u00ee\u021bi dore\u0219ti o experien\u021b\u0103 de conducere superioar\u0103 pentru ma\u0219ina ta <strong>Dacia<\/strong>, sun\u0103-ne acum \u0219i programeaz\u0103 o resoftare la num\u0103rul de telefon afi\u0219at mai jos. Oferim servicii profesionale de chiptuning pentru toate modelele Dacia \u00een Bucure\u0219ti, zona Ilfov \u0219i \u00een numeroase ora\u0219e importante din \u00een Bucure\u0219ti \u0219i zona Ilfov, dar \u0219i \u00een multe ora\u0219e importante din tar\u0103.<\/p>\n\n\n<div class=\"gb-container gb-container-8a7ca131\">\n\n<div class=\"wp-block-columns is-layout-flex wp-container-core-columns-is-layout-9d6595d7 wp-block-columns-is-layout-flex\">\n<div class=\"wp-block-column is-vertically-aligned-top is-layout-flow wp-block-column-is-layout-flow\"><div class=\"gb-container gb-container-74a5f17a\">\n\n<pre class=\"wp-block-preformatted\"><strong>Program\u0103ri \u0219i Contact<\/strong><br>Telefon: +4&nbsp;0751 194 100<\/pre>\n\n<\/div><\/div>\n\n\n\n<div class=\"wp-block-column is-layout-flow wp-block-column-is-layout-flow\">\n<pre class=\"wp-block-preformatted\"><strong>Program de lucru<\/strong><br>Luni\u00a0\u2013 Vineri: 10:00 AM \u2013 5:00 PM \/ S\u00e2mb\u0103ta\u00a0\u2013 Duminica: \u00eenchis<\/pre>\n<\/div>\n<\/div>\n\n<\/div>\n\n\n<h5 class=\"wp-block-heading has-text-align-center\"><iframe loading=\"lazy\" src=\"https:\/\/www.google.com\/maps\/embed?pb=!1m18!1m12!1m3!1d2852.012047718939!2d26.179439951644298!3d44.37134281361014!2m3!1f0!2f0!3f0!3m2!1i1024!2i768!4f13.1!3m3!1m2!1s0x40b1fddaf5da6c07%3A0x1a7b65f75431ee7c!2sOBDTUNING!5e0!3m2!1sen!2sro!4v1460721202979\" width=\"100%\" height=\"350\" frameborder=\"0\"><\/iframe><\/h5>\n\n\n\n<h3 class=\"wp-block-heading\">De ce s\u0103 optezi pentru resoftare Dacia?<\/h3>\n\n\n\n<ul class=\"wp-block-list\">\n<li><strong>Performan\u021b\u0103 \u00cembun\u0103t\u0103\u021bit\u0103:<\/strong> Oferim chiptuning pentru a maximiza puterea \u0219i performan\u021ba ma\u0219inii tale Dacia.<\/li>\n\n\n\n<li><strong>Economie de Combustibil:<\/strong> Regl\u0103m parametrii pentru a optimiza consumul de combustibil, economisindu-\u021bi bani la fiecare kilometru parcurs.<\/li>\n\n\n\n<li><strong>Siguran\u021b\u0103 Garantat\u0103:<\/strong> Echipa noastr\u0103 de speciali\u0219ti se asigur\u0103 c\u0103 resoftarea respect\u0103 cele mai \u00eenalte standarde de siguran\u021b\u0103 auto.<\/li>\n<\/ul>\n\n\n\n<h3 class=\"wp-block-heading\">Procesul nostru simplu<\/h3>\n\n\n\n<ol class=\"wp-block-list\">\n<li><strong>Contacteaz\u0103-ne:<\/strong> Sun\u0103-ne sau scrie-ne pentru a stabili o programare.<\/li>\n\n\n\n<li><strong>Diagnosticare Detaliat\u0103:<\/strong> Efectu\u0103m o analiz\u0103 complet\u0103 pentru a identifica set\u0103rile optime pentru ma\u0219ina ta.<\/li>\n\n\n\n<li><strong>Resoftare Profesional\u0103:<\/strong> Implement\u0103m modific\u0103rile software adaptate specific modelului t\u0103u Dacia.<\/li>\n\n\n\n<li><strong>Testare \u0219i Verificare:<\/strong> Asigur\u0103m c\u0103 ma\u0219ina ta ruleaz\u0103 optim \u0219i \u00een condi\u021bii de siguran\u021b\u0103.<\/li>\n<\/ol>\n\n\n\n<h3 class=\"wp-block-heading\">A\u0219tept\u0103m cu ner\u0103bdare s\u0103-\u021bi oferim o experien\u021b\u0103 de conducere excep\u021bional\u0103!<\/h3>\n","protected":false},"excerpt":{"rendered":"<p>Contacteaz\u0103-ne pentru o experien\u021b\u0103 de conducere \u00eembun\u0103t\u0103\u021bit\u0103! Dac\u0103 \u00ee\u021bi dore\u0219ti o experien\u021b\u0103 de conducere superioar\u0103 pentru ma\u0219ina ta Dacia, sun\u0103-ne acum \u0219i programeaz\u0103 o resoftare la num\u0103rul de telefon afi\u0219at mai jos. Oferim servicii profesionale de chiptuning pentru toate modelele Dacia \u00een Bucure\u0219ti, zona Ilfov \u0219i \u00een numeroase ora\u0219e importante din \u00een Bucure\u0219ti \u0219i zona &#8230; <a title=\"Contact\" class=\"read-more\" href=\"https:\/\/dev.chiptuninglogan.ro\/clone\/contact\/\" aria-label=\"Cite\u0219te mai multe despre Contact\">Read more<\/a><\/p>\n","protected":false},"author":1,"featured_media":0,"parent":0,"menu_order":6,"comment_status":"closed","ping_status":"open","template":"","meta":{"footnotes":""},"class_list":{"0":"post-25","1":"page","2":"type-page","3":"status-publish","5":"no-featured-image-padding"},"_links":{"self":[{"href":"https:\/\/dev.chiptuninglogan.ro\/clone\/wp-json\/wp\/v2\/pages\/25","targetHints":{"allow":["GET"]}}],"collection":[{"href":"https:\/\/dev.chiptuninglogan.ro\/clone\/wp-json\/wp\/v2\/pages"}],"about":[{"href":"https:\/\/dev.chiptuninglogan.ro\/clone\/wp-json\/wp\/v2\/types\/page"}],"author":[{"embeddable":true,"href":"https:\/\/dev.chiptuninglogan.ro\/clone\/wp-json\/wp\/v2\/users\/1"}],"replies":[{"embeddable":true,"href":"https:\/\/dev.chiptuninglogan.ro\/clone\/wp-json\/wp\/v2\/comments?post=25"}],"version-history":[{"count":106,"href":"https:\/\/dev.chiptuninglogan.ro\/clone\/wp-json\/wp\/v2\/pages\/25\/revisions"}],"predecessor-version":[{"id":1221,"href":"https:\/\/dev.chiptuninglogan.ro\/clone\/wp-json\/wp\/v2\/pages\/25\/revisions\/1221"}],"wp:attachment":[{"href":"https:\/\/dev.chiptuninglogan.ro\/clone\/wp-json\/wp\/v2\/media?parent=25"}],"curies":[{"name":"wp","href":"https:\/\/api.w.org\/{rel}","templated":true}]}}